{"id":11611,"date":"2024-09-02T16:15:28","date_gmt":"2024-09-02T16:15:28","guid":{"rendered":"https:\/\/www.lamomecannes.com\/home\/"},"modified":"2025-09-23T21:49:58","modified_gmt":"2025-09-23T21:49:58","slug":"home","status":"publish","type":"page","link":"https:\/\/www.lamomecannes.com\/en\/","title":{"rendered":"Home"},"content":{"rendered":"\t\t<div data-elementor-type=\"wp-page\" data-elementor-id=\"11611\" class=\"elementor elementor-11611 elementor-9869\" data-elementor-post-type=\"page\">\n\t\t\t\t<div class=\"elementor-element elementor-element-12a443e e-flex e-con-boxed e-con e-parent\" data-id=\"12a443e\" data-element_type=\"container\" data-settings=\"{&quot;background_background&quot;:&quot;classic&quot;}\">\n\t\t\t\t\t<div class=\"e-con-inner\">\n\t\t<div class=\"elementor-element elementor-element-0ed3e9b e-con-full e-flex e-con e-child\" data-id=\"0ed3e9b\" data-element_type=\"container\">\n\t\t\t\t<div class=\"elementor-element elementor-element-54acc69 elementor-widget elementor-widget-spacer\" data-id=\"54acc69\" data-element_type=\"widget\" data-widget_type=\"spacer.default\">\n\t\t\t\t\t\t\t<div class=\"elementor-spacer\">\n\t\t\t<div class=\"elementor-spacer-inner\"><\/div>\n\t\t<\/div>\n\t\t\t\t\t\t<\/div>\n\t\t<div class=\"elementor-element elementor-element-93ce819 e-con-full e-flex e-con e-child\" data-id=\"93ce819\" data-element_type=\"container\">\n\t\t\t\t<div class=\"elementor-element elementor-element-c12eb00 elementor-align-justify animated-slow elementor-mobile-align-justify elementor-widget__width-initial elementor-widget elementor-widget-button\" data-id=\"c12eb00\" data-element_type=\"widget\" data-settings=\"{&quot;_animation&quot;:&quot;none&quot;}\" data-widget_type=\"button.default\">\n\t\t\t\t\t\t\t\t\t\t<a class=\"elementor-button elementor-button-link elementor-size-sm\" href=\"https:\/\/www.lamomecannes.com\/en\/our-cards\/\">\n\t\t\t\t\t\t<span class=\"elementor-button-content-wrapper\">\n\t\t\t\t\t\t\t\t\t<span class=\"elementor-button-text\">MENUS<\/span>\n\t\t\t\t\t<\/span>\n\t\t\t\t\t<\/a>\n\t\t\t\t\t\t\t\t<\/div>\n\t\t\t\t<div class=\"elementor-element elementor-element-4a782e3 elementor-align-justify animated-slow elementor-mobile-align-justify elementor-widget__width-initial elementor-widget elementor-widget-button\" data-id=\"4a782e3\" data-element_type=\"widget\" data-settings=\"{&quot;_animation&quot;:&quot;none&quot;}\" data-widget_type=\"button.default\">\n\t\t\t\t\t\t\t\t\t\t<a class=\"elementor-button elementor-button-link elementor-size-sm\" href=\"https:\/\/bookings.zenchef.com\/results?rid=355086&#038;pid=1001&#038;padding=0&#038;bgcolor=ec4329&#038;ftcolor=fff&#038;ticolor=ec4329&#038;bghvcolor=000&#038;fthvcolor=fff&#038;txtcolor=222&#038;type=web&#038;lang=fr&#038;bg=none\" target=\"_blank\">\n\t\t\t\t\t\t<span class=\"elementor-button-content-wrapper\">\n\t\t\t\t\t\t\t\t\t<span class=\"elementor-button-text\">BOOK<\/span>\n\t\t\t\t\t<\/span>\n\t\t\t\t\t<\/a>\n\t\t\t\t\t\t\t\t<\/div>\n\t\t\t\t<div class=\"elementor-element elementor-element-1ba95d2 animated-slow elementor-mobile-align-justify elementor-widget__width-initial elementor-align-justify elementor-widget elementor-widget-button\" data-id=\"1ba95d2\" data-element_type=\"widget\" data-settings=\"{&quot;_animation&quot;:&quot;none&quot;}\" data-widget_type=\"button.default\">\n\t\t\t\t\t\t\t\t\t\t<a class=\"elementor-button elementor-button-link elementor-size-sm\" href=\"https:\/\/shop.zenchef.com\/detail?active-collection=vouchers&#038;collections=vouchers&#038;shop-id=sh_6dd3f682-cbbf-4db8-a586-c3409b392b7d&#038;language=fr&#038;primary-color=ffffff&#038;product-id=9535\">\n\t\t\t\t\t\t<span class=\"elementor-button-content-wrapper\">\n\t\t\t\t\t\t\t\t\t<span class=\"elementor-button-text\">GIFT VOUCHER<\/span>\n\t\t\t\t\t<\/span>\n\t\t\t\t\t<\/a>\n\t\t\t\t\t\t\t\t<\/div>\n\t\t\t\t<\/div>\n\t\t\t\t<\/div>\n\t\t\t\t\t<\/div>\n\t\t\t\t<\/div>\n\t\t<div class=\"elementor-element elementor-element-f8bea61 e-flex e-con-boxed e-con e-parent\" data-id=\"f8bea61\" data-element_type=\"container\" data-settings=\"{&quot;background_background&quot;:&quot;classic&quot;}\">\n\t\t\t\t\t<div class=\"e-con-inner\">\n\t\t<div class=\"elementor-element elementor-element-07be6c0 e-con-full e-flex e-con e-child\" data-id=\"07be6c0\" data-element_type=\"container\" data-settings=\"{&quot;background_background&quot;:&quot;classic&quot;}\">\n\t\t\t\t<\/div>\n\t\t<div class=\"elementor-element elementor-element-52f7415 e-con-full e-flex e-con e-child\" data-id=\"52f7415\" data-element_type=\"container\">\n\t\t\t\t<div class=\"elementor-element elementor-element-9c20f19 elementor-widget elementor-widget-heading\" data-id=\"9c20f19\" data-element_type=\"widget\" data-widget_type=\"heading.default\">\n\t\t\t\t\t<h2 class=\"elementor-heading-title elementor-size-default\">The street comes to life<\/h2>\t\t\t\t<\/div>\n\t\t\t\t<div class=\"elementor-element elementor-element-f1546a7 elementor-widget elementor-widget-text-editor\" data-id=\"f1546a7\" data-element_type=\"widget\" data-widget_type=\"text-editor.default\">\n\t\t\t\t\t\t\t\t\t<p>It was in the quiet murmur of Florian Street that a place unlike any other was born. An iconic venue where warm hospitality meets exceptional service, where every detail matters, and where the Mediterranean finds its way onto the plate as much as into the atmosphere.<br><br>It was the first breath of the Group. Exceptional from the very beginning.<br>At its opening, La M\u00f4me was just a small restaurant where friends gathered. A joyful refuge, a way of life built on sharing. From an intimate, discreet spot, La M\u00f4me has become a vibrant and deliciously glamorous gem.<br><br>Since day one, the story has been unfolding\u2014radiant and festive.<br>Every evening, the alleyway comes alive. La M\u00f4me, surrounded by M\u00f4ka and Mid\u00f4, stirs with energy. The spirit of each place merges into one. The street comes to life.<br><br>And this is just the beginning. Because La M\u00f4me is a promise: to always welcome you, to always move you. To celebrate life, again and again.<\/p>\t\t\t\t\t\t\t\t<\/div>\n\t\t\t\t<div class=\"elementor-element elementor-element-c2e2f15 elementor-align-justify animated-slow elementor-tablet-align-center elementor-widget__width-initial elementor-invisible elementor-widget elementor-widget-button\" data-id=\"c2e2f15\" data-element_type=\"widget\" data-settings=\"{&quot;_animation&quot;:&quot;slideInRight&quot;}\" data-widget_type=\"button.default\">\n\t\t\t\t\t\t\t\t\t\t<a class=\"elementor-button elementor-button-link elementor-size-sm\" href=\"https:\/\/www.lamomecannes.com\/en\/la-mome-groupe\/\">\n\t\t\t\t\t\t<span class=\"elementor-button-content-wrapper\">\n\t\t\t\t\t\t\t\t\t<span class=\"elementor-button-text\">THE GROUP<\/span>\n\t\t\t\t\t<\/span>\n\t\t\t\t\t<\/a>\n\t\t\t\t\t\t\t\t<\/div>\n\t\t\t\t<\/div>\n\t\t\t\t\t<\/div>\n\t\t\t\t<\/div>\n\t\t<div class=\"elementor-element elementor-element-cfc1869 e-flex e-con-boxed e-con e-parent\" data-id=\"cfc1869\" data-element_type=\"container\" data-settings=\"{&quot;background_background&quot;:&quot;classic&quot;}\">\n\t\t\t\t\t<div class=\"e-con-inner\">\n\t\t<div class=\"elementor-element elementor-element-f87a6e3 e-con-full e-flex e-con e-child\" data-id=\"f87a6e3\" data-element_type=\"container\">\n\t\t\t\t<div class=\"elementor-element elementor-element-7ce5c36 elementor-invisible elementor-widget elementor-widget-image\" data-id=\"7ce5c36\" data-element_type=\"widget\" data-settings=\"{&quot;_animation&quot;:&quot;zoomIn&quot;}\" data-widget_type=\"image.default\">\n\t\t\t\t\t\t\t\t\t\t\t\t\t\t\t<img fetchpriority=\"high\" decoding=\"async\" width=\"700\" height=\"295\" src=\"https:\/\/www.lamomecannes.com\/wp-content\/uploads\/2025\/04\/LA_MOME_CANNES_LOGOTYPES_MARINE_RVB.png\" class=\"attachment-full size-full wp-image-11807\" alt=\"\" srcset=\"https:\/\/www.lamomecannes.com\/wp-content\/uploads\/2025\/04\/LA_MOME_CANNES_LOGOTYPES_MARINE_RVB.png 700w, https:\/\/www.lamomecannes.com\/wp-content\/uploads\/2025\/04\/LA_MOME_CANNES_LOGOTYPES_MARINE_RVB-300x126.png 300w, https:\/\/www.lamomecannes.com\/wp-content\/uploads\/2025\/04\/LA_MOME_CANNES_LOGOTYPES_MARINE_RVB-600x253.png 600w, https:\/\/www.lamomecannes.com\/wp-content\/uploads\/2025\/04\/LA_MOME_CANNES_LOGOTYPES_MARINE_RVB-550x232.png 550w, https:\/\/www.lamomecannes.com\/wp-content\/uploads\/2025\/04\/LA_MOME_CANNES_LOGOTYPES_MARINE_RVB-370x156.png 370w, https:\/\/www.lamomecannes.com\/wp-content\/uploads\/2025\/04\/LA_MOME_CANNES_LOGOTYPES_MARINE_RVB-255x107.png 255w\" sizes=\"(max-width: 700px) 100vw, 700px\" \/>\t\t\t\t\t\t\t\t\t\t\t\t\t\t\t<\/div>\n\t\t\t\t<\/div>\n\t\t\t\t\t<\/div>\n\t\t\t\t<\/div>\n\t\t<div class=\"elementor-element elementor-element-a8ae529 e-flex e-con-boxed e-con e-parent\" data-id=\"a8ae529\" data-element_type=\"container\" data-settings=\"{&quot;background_background&quot;:&quot;classic&quot;}\">\n\t\t\t\t\t<div class=\"e-con-inner\">\n\t\t<div class=\"elementor-element elementor-element-7a7b483 e-con-full e-flex e-con e-child\" data-id=\"7a7b483\" data-element_type=\"container\">\n\t\t\t\t<div class=\"elementor-element elementor-element-b93e00d elementor-widget elementor-widget-heading\" data-id=\"b93e00d\" data-element_type=\"widget\" data-widget_type=\"heading.default\">\n\t\t\t\t\t<h2 class=\"elementor-heading-title elementor-size-default\">We dance, we laugh, we live<\/h2>\t\t\t\t<\/div>\n\t\t\t\t<div class=\"elementor-element elementor-element-81c1aa8 elementor-widget elementor-widget-text-editor\" data-id=\"81c1aa8\" data-element_type=\"widget\" data-widget_type=\"text-editor.default\">\n\t\t\t\t\t\t\t\t\t<p>La M\u00f4me will always be La M\u00f4me.&nbsp;<\/p><p><span style=\"font-size: inherit;\">A place to meet up with friends, with impeccable welcome and service, to share quality dishes, all in an elegant, relaxed atmosphere.<\/span><\/p>\n<p><span style=\"font-size: inherit; color: var( --e-global-color-text ); font-family: var( --e-global-typography-text-font-family ), Sans-serif; font-weight: var( --e-global-typography-text-font-weight );\">This is what inspired Antoine &amp; Ugo Lecorch\u00e9 to name La M\u00f4me, in homage to Suzanne Vreurick, nicknamed &#8220;La M\u00f4me Moineau&#8221;. This iconic woman has had a thousand lives: flower seller in the Parisian clubs of the Roaring Twenties, singer with legendary repartee, then Cannes billionaire. Suzanne loves to dance, laugh and live. Thanks to her sumptuous soir\u00e9es, she became the image of the glamorous life of the French Riviera. An art of living and entertaining dear to    &nbsp;<\/span><span style=\"font-size: inherit; color: var( --e-global-color-text ); font-family: var( --e-global-typography-text-font-family ), Sans-serif; font-weight: var( --e-global-typography-text-font-weight );\">La M\u00f4me.<\/span><\/p>\n<p>From Cannes to London, La M\u00f4me offers sunny, festive cuisine. Inspiration: the subtle, straightforward flavors of Mediterranean culture. The journey begins with a blend of lemon thyme and olive oil, in which dipping the foccacia is wildly addictive.  <\/p>\n<p>Afterwards, the scents of Provence will joyfully accompany this moment of sharing.<\/p>\t\t\t\t\t\t\t\t<\/div>\n\t\t\t\t<div class=\"elementor-element elementor-element-4964b0e elementor-align-justify animated-slow elementor-tablet-align-justify elementor-widget__width-initial elementor-invisible elementor-widget elementor-widget-button\" data-id=\"4964b0e\" data-element_type=\"widget\" data-settings=\"{&quot;_animation&quot;:&quot;slideInRight&quot;}\" data-widget_type=\"button.default\">\n\t\t\t\t\t\t\t\t\t\t<a class=\"elementor-button elementor-button-link elementor-size-sm\" href=\"https:\/\/www.lamomecannes.com\/en\/our-cards\/\">\n\t\t\t\t\t\t<span class=\"elementor-button-content-wrapper\">\n\t\t\t\t\t\t\t\t\t<span class=\"elementor-button-text\">MENUS<\/span>\n\t\t\t\t\t<\/span>\n\t\t\t\t\t<\/a>\n\t\t\t\t\t\t\t\t<\/div>\n\t\t\t\t<\/div>\n\t\t<div class=\"elementor-element elementor-element-8a98248 e-con-full e-flex e-con e-child\" data-id=\"8a98248\" data-element_type=\"container\" data-settings=\"{&quot;background_background&quot;:&quot;classic&quot;}\">\n\t\t<div class=\"elementor-element elementor-element-020e438 e-con-full e-flex e-con e-child\" data-id=\"020e438\" data-element_type=\"container\" data-settings=\"{&quot;background_background&quot;:&quot;classic&quot;}\">\n\t\t\t\t<\/div>\n\t\t\t\t<\/div>\n\t\t\t\t\t<\/div>\n\t\t\t\t<\/div>\n\t\t\t\t<\/div>\n\t\t","protected":false},"excerpt":{"rendered":"<p>MENUS BOOK GIFT VOUCHER The street comes to life It was in the quiet murmur of Florian Street that a place unlike any other was born. An iconic venue where warm hospitality meets exceptional service, where every detail matters, and where the Mediterranean finds its way onto the plate as much as into the atmosphere. &#8230;<\/p>\n","protected":false},"author":2,"featured_media":12009,"parent":0,"menu_order":0,"comment_status":"closed","ping_status":"closed","template":"elementor_header_footer","meta":{"patiotime_single_page_hide_site_header":"","patiotime_single_page_site_header_source":"","patiotime_single_page_custom_site_header":"","patiotime_single_page_custom_sticky_site_header":"","patiotime_single_page_hide_page_title":"","patiotime_single_page_header_section_size":"","patiotime_single_page_header_background_color":"","patiotime_single_page_header_background_position_x":"center","patiotime_single_page_header_background_position_y":"center","patiotime_single_page_header_background_size":"cover","patiotime_single_page_header_background_repeat":"off","patiotime_single_page_header_background_scroll":"on","patiotime_single_page_header_text_color":"","patiotime_single_page_header_show_breadcrumb":"","patiotime_single_page_site_footer_hide_main":"","patiotime_single_page_site_footer_hide_above":"","patiotime_single_page_site_footer_hide_instagram":"","patiotime_single_page_site_footer_hide_bottom":"","footnotes":""},"class_list":["post-11611","page","type-page","status-publish","has-post-thumbnail","hentry"],"yoast_head":"<!-- This site is optimized with the Yoast SEO plugin v26.7 - https:\/\/yoast.com\/wordpress\/plugins\/seo\/ -->\n<title>La M\u00f4me Cannes | Fine Dining &amp; Mediterranean Spirit \u2013 Cannes<\/title>\n<meta name=\"description\" content=\"La M\u00f4me Cannes offers refined cuisine with Mediterranean flair in an elegant setting on rue Florian. A unique dining experience in the heart of Cannes. Book now.\" \/>\n<meta name=\"robots\" content=\"index, follow, max-snippet:-1, max-image-preview:large, max-video-preview:-1\" \/>\n<link rel=\"canonical\" href=\"https:\/\/www.lamomecannes.com\/en\/\" \/>\n<meta property=\"og:locale\" content=\"en_US\" \/>\n<meta property=\"og:type\" content=\"article\" \/>\n<meta property=\"og:title\" content=\"La M\u00f4me Cannes | Fine Dining &amp; Mediterranean Spirit \u2013 Cannes\" \/>\n<meta property=\"og:description\" content=\"La M\u00f4me Cannes offers refined cuisine with Mediterranean flair in an elegant setting on rue Florian. A unique dining experience in the heart of Cannes. Book now.\" \/>\n<meta property=\"og:url\" content=\"https:\/\/www.lamomecannes.com\/en\/\" \/>\n<meta property=\"og:site_name\" content=\"M\u00f4me Cannes\" \/>\n<meta property=\"article:modified_time\" content=\"2025-09-23T21:49:58+00:00\" \/>\n<meta property=\"og:image\" content=\"https:\/\/www.lamomecannes.com\/wp-content\/uploads\/2025\/07\/banner-home-scaled.jpg\" \/>\n\t<meta property=\"og:image:width\" content=\"1\" \/>\n\t<meta property=\"og:image:height\" content=\"1\" \/>\n\t<meta property=\"og:image:type\" content=\"image\/jpeg\" \/>\n<meta name=\"twitter:card\" content=\"summary_large_image\" \/>\n<meta name=\"twitter:label1\" content=\"Est. reading time\" \/>\n\t<meta name=\"twitter:data1\" content=\"2 minutes\" \/>\n<script type=\"application\/ld+json\" class=\"yoast-schema-graph\">{\"@context\":\"https:\/\/schema.org\",\"@graph\":[{\"@type\":\"WebPage\",\"@id\":\"https:\/\/www.lamomecannes.com\/en\/\",\"url\":\"https:\/\/www.lamomecannes.com\/en\/\",\"name\":\"La M\u00f4me Cannes | Fine Dining & Mediterranean Spirit \u2013 Cannes\",\"isPartOf\":{\"@id\":\"https:\/\/www.lamomecannes.com\/en\/#website\"},\"primaryImageOfPage\":{\"@id\":\"https:\/\/www.lamomecannes.com\/en\/#primaryimage\"},\"image\":{\"@id\":\"https:\/\/www.lamomecannes.com\/en\/#primaryimage\"},\"thumbnailUrl\":\"https:\/\/www.lamomecannes.com\/wp-content\/uploads\/2025\/07\/banner-home-scaled.jpg\",\"datePublished\":\"2024-09-02T16:15:28+00:00\",\"dateModified\":\"2025-09-23T21:49:58+00:00\",\"description\":\"La M\u00f4me Cannes offers refined cuisine with Mediterranean flair in an elegant setting on rue Florian. A unique dining experience in the heart of Cannes. Book now.\",\"breadcrumb\":{\"@id\":\"https:\/\/www.lamomecannes.com\/en\/#breadcrumb\"},\"inLanguage\":\"en-US\",\"potentialAction\":[{\"@type\":\"ReadAction\",\"target\":[\"https:\/\/www.lamomecannes.com\/en\/\"]}]},{\"@type\":\"ImageObject\",\"inLanguage\":\"en-US\",\"@id\":\"https:\/\/www.lamomecannes.com\/en\/#primaryimage\",\"url\":\"https:\/\/www.lamomecannes.com\/wp-content\/uploads\/2025\/07\/banner-home-scaled.jpg\",\"contentUrl\":\"https:\/\/www.lamomecannes.com\/wp-content\/uploads\/2025\/07\/banner-home-scaled.jpg\"},{\"@type\":\"BreadcrumbList\",\"@id\":\"https:\/\/www.lamomecannes.com\/en\/#breadcrumb\",\"itemListElement\":[{\"@type\":\"ListItem\",\"position\":1,\"name\":\"Home\",\"item\":\"https:\/\/www.lamomecannes.com\/en\/\"},{\"@type\":\"ListItem\",\"position\":2,\"name\":\"Home\"}]},{\"@type\":\"WebSite\",\"@id\":\"https:\/\/www.lamomecannes.com\/en\/#website\",\"url\":\"https:\/\/www.lamomecannes.com\/en\/\",\"name\":\"M\u00f4me Cannes\",\"description\":\"RESTAURANT - COCKTAIL BAR\",\"publisher\":{\"@id\":\"https:\/\/www.lamomecannes.com\/en\/#organization\"},\"potentialAction\":[{\"@type\":\"SearchAction\",\"target\":{\"@type\":\"EntryPoint\",\"urlTemplate\":\"https:\/\/www.lamomecannes.com\/en\/?s={search_term_string}\"},\"query-input\":{\"@type\":\"PropertyValueSpecification\",\"valueRequired\":true,\"valueName\":\"search_term_string\"}}],\"inLanguage\":\"en-US\"},{\"@type\":\"Organization\",\"@id\":\"https:\/\/www.lamomecannes.com\/en\/#organization\",\"name\":\"M\u00f4me Cannes\",\"url\":\"https:\/\/www.lamomecannes.com\/en\/\",\"logo\":{\"@type\":\"ImageObject\",\"inLanguage\":\"en-US\",\"@id\":\"https:\/\/www.lamomecannes.com\/en\/#\/schema\/logo\/image\/\",\"url\":\"https:\/\/www.lamomecannes.com\/wp-content\/uploads\/2025\/04\/telechargement.svg\",\"contentUrl\":\"https:\/\/www.lamomecannes.com\/wp-content\/uploads\/2025\/04\/telechargement.svg\",\"width\":699,\"height\":294,\"caption\":\"M\u00f4me Cannes\"},\"image\":{\"@id\":\"https:\/\/www.lamomecannes.com\/en\/#\/schema\/logo\/image\/\"}}]}<\/script>\n<!-- \/ Yoast SEO plugin. -->","yoast_head_json":{"title":"La M\u00f4me Cannes | Fine Dining & Mediterranean Spirit \u2013 Cannes","description":"La M\u00f4me Cannes offers refined cuisine with Mediterranean flair in an elegant setting on rue Florian. A unique dining experience in the heart of Cannes. Book now.","robots":{"index":"index","follow":"follow","max-snippet":"max-snippet:-1","max-image-preview":"max-image-preview:large","max-video-preview":"max-video-preview:-1"},"canonical":"https:\/\/www.lamomecannes.com\/en\/","og_locale":"en_US","og_type":"article","og_title":"La M\u00f4me Cannes | Fine Dining & Mediterranean Spirit \u2013 Cannes","og_description":"La M\u00f4me Cannes offers refined cuisine with Mediterranean flair in an elegant setting on rue Florian. A unique dining experience in the heart of Cannes. Book now.","og_url":"https:\/\/www.lamomecannes.com\/en\/","og_site_name":"M\u00f4me Cannes","article_modified_time":"2025-09-23T21:49:58+00:00","og_image":[{"url":"https:\/\/www.lamomecannes.com\/wp-content\/uploads\/2025\/07\/banner-home-scaled.jpg","width":1,"height":1,"type":"image\/jpeg"}],"twitter_card":"summary_large_image","twitter_misc":{"Est. reading time":"2 minutes"},"schema":{"@context":"https:\/\/schema.org","@graph":[{"@type":"WebPage","@id":"https:\/\/www.lamomecannes.com\/en\/","url":"https:\/\/www.lamomecannes.com\/en\/","name":"La M\u00f4me Cannes | Fine Dining & Mediterranean Spirit \u2013 Cannes","isPartOf":{"@id":"https:\/\/www.lamomecannes.com\/en\/#website"},"primaryImageOfPage":{"@id":"https:\/\/www.lamomecannes.com\/en\/#primaryimage"},"image":{"@id":"https:\/\/www.lamomecannes.com\/en\/#primaryimage"},"thumbnailUrl":"https:\/\/www.lamomecannes.com\/wp-content\/uploads\/2025\/07\/banner-home-scaled.jpg","datePublished":"2024-09-02T16:15:28+00:00","dateModified":"2025-09-23T21:49:58+00:00","description":"La M\u00f4me Cannes offers refined cuisine with Mediterranean flair in an elegant setting on rue Florian. A unique dining experience in the heart of Cannes. Book now.","breadcrumb":{"@id":"https:\/\/www.lamomecannes.com\/en\/#breadcrumb"},"inLanguage":"en-US","potentialAction":[{"@type":"ReadAction","target":["https:\/\/www.lamomecannes.com\/en\/"]}]},{"@type":"ImageObject","inLanguage":"en-US","@id":"https:\/\/www.lamomecannes.com\/en\/#primaryimage","url":"https:\/\/www.lamomecannes.com\/wp-content\/uploads\/2025\/07\/banner-home-scaled.jpg","contentUrl":"https:\/\/www.lamomecannes.com\/wp-content\/uploads\/2025\/07\/banner-home-scaled.jpg"},{"@type":"BreadcrumbList","@id":"https:\/\/www.lamomecannes.com\/en\/#breadcrumb","itemListElement":[{"@type":"ListItem","position":1,"name":"Home","item":"https:\/\/www.lamomecannes.com\/en\/"},{"@type":"ListItem","position":2,"name":"Home"}]},{"@type":"WebSite","@id":"https:\/\/www.lamomecannes.com\/en\/#website","url":"https:\/\/www.lamomecannes.com\/en\/","name":"M\u00f4me Cannes","description":"RESTAURANT - COCKTAIL BAR","publisher":{"@id":"https:\/\/www.lamomecannes.com\/en\/#organization"},"potentialAction":[{"@type":"SearchAction","target":{"@type":"EntryPoint","urlTemplate":"https:\/\/www.lamomecannes.com\/en\/?s={search_term_string}"},"query-input":{"@type":"PropertyValueSpecification","valueRequired":true,"valueName":"search_term_string"}}],"inLanguage":"en-US"},{"@type":"Organization","@id":"https:\/\/www.lamomecannes.com\/en\/#organization","name":"M\u00f4me Cannes","url":"https:\/\/www.lamomecannes.com\/en\/","logo":{"@type":"ImageObject","inLanguage":"en-US","@id":"https:\/\/www.lamomecannes.com\/en\/#\/schema\/logo\/image\/","url":"https:\/\/www.lamomecannes.com\/wp-content\/uploads\/2025\/04\/telechargement.svg","contentUrl":"https:\/\/www.lamomecannes.com\/wp-content\/uploads\/2025\/04\/telechargement.svg","width":699,"height":294,"caption":"M\u00f4me Cannes"},"image":{"@id":"https:\/\/www.lamomecannes.com\/en\/#\/schema\/logo\/image\/"}}]}},"_links":{"self":[{"href":"https:\/\/www.lamomecannes.com\/en\/wp-json\/wp\/v2\/pages\/11611","targetHints":{"allow":["GET"]}}],"collection":[{"href":"https:\/\/www.lamomecannes.com\/en\/wp-json\/wp\/v2\/pages"}],"about":[{"href":"https:\/\/www.lamomecannes.com\/en\/wp-json\/wp\/v2\/types\/page"}],"author":[{"embeddable":true,"href":"https:\/\/www.lamomecannes.com\/en\/wp-json\/wp\/v2\/users\/2"}],"replies":[{"embeddable":true,"href":"https:\/\/www.lamomecannes.com\/en\/wp-json\/wp\/v2\/comments?post=11611"}],"version-history":[{"count":0,"href":"https:\/\/www.lamomecannes.com\/en\/wp-json\/wp\/v2\/pages\/11611\/revisions"}],"wp:featuredmedia":[{"embeddable":true,"href":"https:\/\/www.lamomecannes.com\/en\/wp-json\/wp\/v2\/media\/12009"}],"wp:attachment":[{"href":"https:\/\/www.lamomecannes.com\/en\/wp-json\/wp\/v2\/media?parent=11611"}],"curies":[{"name":"wp","href":"https:\/\/api.w.org\/{rel}","templated":true}]}}